{"id":2207,"date":"2020-11-14T07:29:13","date_gmt":"2020-11-14T07:29:13","guid":{"rendered":"http:\/\/artimet.com.tr\/%d9%88%d8%ab%d8%a7%d8%a6%d9%82-%d8%a7%d9%84%d8%aa%d9%81%d9%88%d9%8a%d8%b6\/"},"modified":"2022-10-04T21:14:03","modified_gmt":"2022-10-04T21:14:03","slug":"%d9%88%d8%ab%d8%a7%d8%a6%d9%82-%d8%a7%d9%84%d8%aa%d9%81%d9%88%d9%8a%d8%b6","status":"publish","type":"page","link":"https:\/\/artimet.com.tr\/ar\/%d9%88%d8%ab%d8%a7%d8%a6%d9%82-%d8%a7%d9%84%d8%aa%d9%81%d9%88%d9%8a%d8%b6\/","title":{"rendered":"\u0648\u062b\u0627\u0626\u0642 \u0627\u0644\u062a\u0641\u0648\u064a\u0636"},"content":{"rendered":"\t\t<div data-elementor-type=\"wp-page\" data-elementor-id=\"2207\" class=\"elementor elementor-2207\">\n\t\t\t\t\t\t<section class=\"elementor-section elementor-top-section elementor-element elementor-element-099a6d9 elementor-section-boxed elementor-section-height-default elementor-section-height-default\" data-id=\"099a6d9\" data-element_type=\"section\" data-e-type=\"section\" data-settings=\"{&quot;jet_parallax_layout_list&quot;:[{&quot;jet_parallax_layout_image&quot;:{&quot;url&quot;:&quot;&quot;,&quot;id&quot;:&quot;&quot;,&quot;size&quot;:&quot;&quot;},&quot;_id&quot;:&quot;b154484&quot;,&quot;jet_parallax_layout_image_tablet&quot;:{&quot;url&quot;:&quot;&quot;,&quot;id&quot;:&quot;&quot;,&quot;size&quot;:&quot;&quot;},&quot;jet_parallax_layout_image_mobile&quot;:{&quot;url&quot;:&quot;&quot;,&quot;id&quot;:&quot;&quot;,&quot;size&quot;:&quot;&quot;},&quot;jet_parallax_layout_speed&quot;:{&quot;unit&quot;:&quot;%&quot;,&quot;size&quot;:50,&quot;sizes&quot;:[]},&quot;jet_parallax_layout_type&quot;:&quot;scroll&quot;,&quot;jet_parallax_layout_direction&quot;:&quot;1&quot;,&quot;jet_parallax_layout_fx_direction&quot;:null,&quot;jet_parallax_layout_z_index&quot;:&quot;&quot;,&quot;jet_parallax_layout_bg_x&quot;:50,&quot;jet_parallax_layout_bg_x_tablet&quot;:&quot;&quot;,&quot;jet_parallax_layout_bg_x_mobile&quot;:&quot;&quot;,&quot;jet_parallax_layout_bg_y&quot;:50,&quot;jet_parallax_layout_bg_y_tablet&quot;:&quot;&quot;,&quot;jet_parallax_layout_bg_y_mobile&quot;:&quot;&quot;,&quot;jet_parallax_layout_bg_size&quot;:&quot;auto&quot;,&quot;jet_parallax_layout_bg_size_tablet&quot;:&quot;&quot;,&quot;jet_parallax_layout_bg_size_mobile&quot;:&quot;&quot;,&quot;jet_parallax_layout_animation_prop&quot;:&quot;transform&quot;,&quot;jet_parallax_layout_on&quot;:[&quot;desktop&quot;,&quot;tablet&quot;]}],&quot;background_background&quot;:&quot;classic&quot;}\">\n\t\t\t\t\t\t\t<div class=\"elementor-background-overlay\"><\/div>\n\t\t\t\t\t\t\t<div class=\"elementor-container elementor-column-gap-no\">\n\t\t\t\t\t<div class=\"elementor-column elementor-col-100 elementor-top-column elementor-element elementor-element-80e3c1b\" data-id=\"80e3c1b\" data-element_type=\"column\" data-e-type=\"column\">\n\t\t\t<div class=\"elementor-widget-wrap elementor-element-populated\">\n\t\t\t\t\t\t<div class=\"elementor-element elementor-element-900bb6f elementor-widget elementor-widget-heading\" data-id=\"900bb6f\" data-element_type=\"widget\" data-e-type=\"widget\" data-widget_type=\"heading.default\">\n\t\t\t\t<div class=\"elementor-widget-container\">\n\t\t\t\t\t<h1 class=\"elementor-heading-title elementor-size-default\">\u0648\u062b\u0627\u0626\u0642 \u0627\u0644\u062a\u0641\u0648\u064a\u0636<\/h1>\t\t\t\t<\/div>\n\t\t\t\t<\/div>\n\t\t\t\t\t<\/div>\n\t\t<\/div>\n\t\t\t\t\t<\/div>\n\t\t<\/section>\n\t\t\t\t<section class=\"elementor-section elementor-top-section elementor-element elementor-element-84c8418 elementor-section-boxed elementor-section-height-default elementor-section-height-default\" data-id=\"84c8418\" data-element_type=\"section\" data-e-type=\"section\" data-settings=\"{&quot;jet_parallax_layout_list&quot;:[]}\">\n\t\t\t\t\t\t<div class=\"elementor-container elementor-column-gap-default\">\n\t\t\t\t\t<div class=\"elementor-column elementor-col-100 elementor-top-column elementor-element elementor-element-815672b\" data-id=\"815672b\" data-element_type=\"column\" data-e-type=\"column\">\n\t\t\t<div class=\"elementor-widget-wrap elementor-element-populated\">\n\t\t\t\t\t\t<div class=\"elementor-element elementor-element-91f660e elementor-widget elementor-widget-spacer\" data-id=\"91f660e\" data-element_type=\"widget\" data-e-type=\"widget\" data-widget_type=\"spacer.default\">\n\t\t\t\t<div class=\"elementor-widget-container\">\n\t\t\t\t\t\t\t<div class=\"elementor-spacer\">\n\t\t\t<div class=\"elementor-spacer-inner\"><\/div>\n\t\t<\/div>\n\t\t\t\t\t\t<\/div>\n\t\t\t\t<\/div>\n\t\t\t\t\t<\/div>\n\t\t<\/div>\n\t\t\t\t\t<\/div>\n\t\t<\/section>\n\t\t\t\t<section class=\"elementor-section elementor-top-section elementor-element elementor-element-1dfc1d0 elementor-section-boxed elementor-section-height-default elementor-section-height-default\" data-id=\"1dfc1d0\" data-element_type=\"section\" data-e-type=\"section\" data-settings=\"{&quot;jet_parallax_layout_list&quot;:[]}\">\n\t\t\t\t\t\t<div class=\"elementor-container elementor-column-gap-default\">\n\t\t\t\t\t<div class=\"elementor-column elementor-col-33 elementor-top-column elementor-element elementor-element-221cb7c\" data-id=\"221cb7c\" data-element_type=\"column\" data-e-type=\"column\">\n\t\t\t<div class=\"elementor-widget-wrap elementor-element-populated\">\n\t\t\t\t\t\t<div class=\"elementor-element elementor-element-0e2028c elementor-widget elementor-widget-image\" data-id=\"0e2028c\" data-element_type=\"widget\" data-e-type=\"widget\" data-widget_type=\"image.default\">\n\t\t\t\t<div class=\"elementor-widget-container\">\n\t\t\t\t\t\t\t\t\t\t\t\t<figure class=\"wp-caption\">\n\t\t\t\t\t\t\t\t\t\t\t<a href=\"http:\/\/artimet.com.tr\/wp-content\/uploads\/2022\/06\/iso9001a.jpg\" data-elementor-open-lightbox=\"yes\" data-elementor-lightbox-title=\"iso9001a\" data-e-action-hash=\"#elementor-action%3Aaction%3Dlightbox%26settings%3DeyJpZCI6MTk1LCJ1cmwiOiJodHRwczpcL1wvYXJ0aW1ldC5jb20udHJcL3dwLWNvbnRlbnRcL3VwbG9hZHNcLzIwMjJcLzA2XC9pc285MDAxYS5qcGcifQ%3D%3D\">\n\t\t\t\t\t\t\t<img decoding=\"async\" src=\"https:\/\/artimet.com.tr\/wp-content\/uploads\/elementor\/thumbs\/iso9001a-pvt7x0q2fn66u28lqfx47e29ozgv3je3u7aktuojio.jpg\" title=\"iso9001a\" alt=\"iso9001a\" loading=\"lazy\" \/>\t\t\t\t\t\t\t\t<\/a>\n\t\t\t\t\t\t\t\t\t\t\t<figcaption class=\"widget-image-caption wp-caption-text\">ARTIMET M\u00dcHEND\u0130SL\u0130K ISO 9001KAL\u0130TE BELGES\u0130<\/figcaption>\n\t\t\t\t\t\t\t\t\t\t<\/figure>\n\t\t\t\t\t\t\t\t\t<\/div>\n\t\t\t\t<\/div>\n\t\t\t\t\t<\/div>\n\t\t<\/div>\n\t\t\t\t<div class=\"elementor-column elementor-col-33 elementor-top-column elementor-element elementor-element-166bfa5\" data-id=\"166bfa5\" data-element_type=\"column\" data-e-type=\"column\">\n\t\t\t<div class=\"elementor-widget-wrap elementor-element-populated\">\n\t\t\t\t\t\t<div class=\"elementor-element elementor-element-1b5100c elementor-widget elementor-widget-image\" data-id=\"1b5100c\" data-element_type=\"widget\" data-e-type=\"widget\" data-widget_type=\"image.default\">\n\t\t\t\t<div class=\"elementor-widget-container\">\n\t\t\t\t\t\t\t\t\t\t\t\t<figure class=\"wp-caption\">\n\t\t\t\t\t\t\t\t\t\t\t<a href=\"http:\/\/artimet.com.tr\/wp-content\/uploads\/2022\/06\/iso9001.jpg\" data-elementor-open-lightbox=\"yes\" data-elementor-lightbox-title=\"iso9001\" data-e-action-hash=\"#elementor-action%3Aaction%3Dlightbox%26settings%3DeyJpZCI6MTk2LCJ1cmwiOiJodHRwczpcL1wvYXJ0aW1ldC5jb20udHJcL3dwLWNvbnRlbnRcL3VwbG9hZHNcLzIwMjJcLzA2XC9pc285MDAxLmpwZyJ9\">\n\t\t\t\t\t\t\t<img decoding=\"async\" src=\"https:\/\/artimet.com.tr\/wp-content\/uploads\/elementor\/thumbs\/iso9001-pvt7x0q2fn66u28lqfx47e29ozgv3je3u7aktuojio.jpg\" title=\"iso9001\" alt=\"iso9001\" loading=\"lazy\" \/>\t\t\t\t\t\t\t\t<\/a>\n\t\t\t\t\t\t\t\t\t\t\t<figcaption class=\"widget-image-caption wp-caption-text\">ARTIMET U.ARASI G\u00d6ZET\u0130M \u015e\u0130RKET\u0130 ISO 9001KAL\u0130TE BELGES\u0130<\/figcaption>\n\t\t\t\t\t\t\t\t\t\t<\/figure>\n\t\t\t\t\t\t\t\t\t<\/div>\n\t\t\t\t<\/div>\n\t\t\t\t\t<\/div>\n\t\t<\/div>\n\t\t\t\t<div class=\"elementor-column elementor-col-33 elementor-top-column elementor-element elementor-element-ea7009b\" data-id=\"ea7009b\" data-element_type=\"column\" data-e-type=\"column\">\n\t\t\t<div class=\"elementor-widget-wrap elementor-element-populated\">\n\t\t\t\t\t\t<div class=\"elementor-element elementor-element-bd2a6db elementor-widget elementor-widget-image\" data-id=\"bd2a6db\" data-element_type=\"widget\" data-e-type=\"widget\" data-widget_type=\"image.default\">\n\t\t\t\t<div class=\"elementor-widget-container\">\n\t\t\t\t\t\t\t\t\t\t\t\t<figure class=\"wp-caption\">\n\t\t\t\t\t\t\t\t\t\t\t<a href=\"http:\/\/artimet.com.tr\/wp-content\/uploads\/2022\/06\/gozetim.jpg\" data-elementor-open-lightbox=\"yes\" data-elementor-lightbox-title=\"gozetim\" data-e-action-hash=\"#elementor-action%3Aaction%3Dlightbox%26settings%3DeyJpZCI6MTk3LCJ1cmwiOiJodHRwczpcL1wvYXJ0aW1ldC5jb20udHJcL3dwLWNvbnRlbnRcL3VwbG9hZHNcLzIwMjJcLzA2XC9nb3pldGltLmpwZyJ9\">\n\t\t\t\t\t\t\t<img decoding=\"async\" src=\"https:\/\/artimet.com.tr\/wp-content\/uploads\/elementor\/thumbs\/gozetim-pvt7x0q2fn66u28lqfx47e29ozgv3je3u7aktuojio.jpg\" title=\"gozetim\" alt=\"gozetim\" loading=\"lazy\" \/>\t\t\t\t\t\t\t\t<\/a>\n\t\t\t\t\t\t\t\t\t\t\t<figcaption class=\"widget-image-caption wp-caption-text\">ULUSLARARASI G\u00d6ZET\u0130M \u015e\u0130RKET\u0130 BELGES\u0130<\/figcaption>\n\t\t\t\t\t\t\t\t\t\t<\/figure>\n\t\t\t\t\t\t\t\t\t<\/div>\n\t\t\t\t<\/div>\n\t\t\t\t\t<\/div>\n\t\t<\/div>\n\t\t\t\t\t<\/div>\n\t\t<\/section>\n\t\t\t\t<section class=\"elementor-section elementor-top-section elementor-element elementor-element-c3b12d1 elementor-section-boxed elementor-section-height-default elementor-section-height-default\" data-id=\"c3b12d1\" data-element_type=\"section\" data-e-type=\"section\" data-settings=\"{&quot;jet_parallax_layout_list&quot;:[]}\">\n\t\t\t\t\t\t<div class=\"elementor-container elementor-column-gap-default\">\n\t\t\t\t\t<div class=\"elementor-column elementor-col-33 elementor-top-column elementor-element elementor-element-70ef15d\" data-id=\"70ef15d\" data-element_type=\"column\" data-e-type=\"column\">\n\t\t\t<div class=\"elementor-widget-wrap elementor-element-populated\">\n\t\t\t\t\t\t<div class=\"elementor-element elementor-element-815da26 elementor-widget elementor-widget-image\" data-id=\"815da26\" data-element_type=\"widget\" data-e-type=\"widget\" data-widget_type=\"image.default\">\n\t\t\t\t<div class=\"elementor-widget-container\">\n\t\t\t\t\t\t\t\t\t\t\t\t<figure class=\"wp-caption\">\n\t\t\t\t\t\t\t\t\t\t\t<a href=\"http:\/\/artimet.com.tr\/wp-content\/uploads\/2022\/06\/dto.jpg\" data-elementor-open-lightbox=\"yes\" data-elementor-lightbox-title=\"dto\" data-e-action-hash=\"#elementor-action%3Aaction%3Dlightbox%26settings%3DeyJpZCI6MTk4LCJ1cmwiOiJodHRwczpcL1wvYXJ0aW1ldC5jb20udHJcL3dwLWNvbnRlbnRcL3VwbG9hZHNcLzIwMjJcLzA2XC9kdG8uanBnIn0%3D\">\n\t\t\t\t\t\t\t<img decoding=\"async\" src=\"https:\/\/artimet.com.tr\/wp-content\/uploads\/elementor\/thumbs\/dto-pvt7wzs88t4wig9yvxihmwat3llhvuadi2n3ckpxow.jpg\" title=\"dto\" alt=\"dto\" loading=\"lazy\" \/>\t\t\t\t\t\t\t\t<\/a>\n\t\t\t\t\t\t\t\t\t\t\t<figcaption class=\"widget-image-caption wp-caption-text\">DEN\u0130Z T\u0130CARET ODASI<\/figcaption>\n\t\t\t\t\t\t\t\t\t\t<\/figure>\n\t\t\t\t\t\t\t\t\t<\/div>\n\t\t\t\t<\/div>\n\t\t\t\t\t<\/div>\n\t\t<\/div>\n\t\t\t\t<div class=\"elementor-column elementor-col-33 elementor-top-column elementor-element elementor-element-cd89507\" data-id=\"cd89507\" data-element_type=\"column\" data-e-type=\"column\">\n\t\t\t<div class=\"elementor-widget-wrap elementor-element-populated\">\n\t\t\t\t\t\t<div class=\"elementor-element elementor-element-d022f33 elementor-widget elementor-widget-image\" data-id=\"d022f33\" data-element_type=\"widget\" data-e-type=\"widget\" data-widget_type=\"image.default\">\n\t\t\t\t<div class=\"elementor-widget-container\">\n\t\t\t\t\t\t\t\t\t\t\t\t<figure class=\"wp-caption\">\n\t\t\t\t\t\t\t\t\t\t\t<a href=\"http:\/\/artimet.com.tr\/wp-content\/uploads\/2022\/06\/markatescili.jpg\" data-elementor-open-lightbox=\"yes\" data-elementor-lightbox-title=\"markatescili\" data-e-action-hash=\"#elementor-action%3Aaction%3Dlightbox%26settings%3DeyJpZCI6MTk5LCJ1cmwiOiJodHRwczpcL1wvYXJ0aW1ldC5jb20udHJcL3dwLWNvbnRlbnRcL3VwbG9hZHNcLzIwMjJcLzA2XC9tYXJrYXRlc2NpbGkuanBnIn0%3D\">\n\t\t\t\t\t\t\t<img decoding=\"async\" src=\"https:\/\/artimet.com.tr\/wp-content\/uploads\/elementor\/thumbs\/markatescili-pvt7x1nwmh7h5o78kybqrvtqadc8b8hu6by2b4n5cg.jpg\" title=\"markatescili\" alt=\"markatescili\" loading=\"lazy\" \/>\t\t\t\t\t\t\t\t<\/a>\n\t\t\t\t\t\t\t\t\t\t\t<figcaption class=\"widget-image-caption wp-caption-text\">MARKA TESC\u0130L BELGES\u0130<\/figcaption>\n\t\t\t\t\t\t\t\t\t\t<\/figure>\n\t\t\t\t\t\t\t\t\t<\/div>\n\t\t\t\t<\/div>\n\t\t\t\t\t<\/div>\n\t\t<\/div>\n\t\t\t\t<div class=\"elementor-column elementor-col-33 elementor-top-column elementor-element elementor-element-d416e39\" data-id=\"d416e39\" data-element_type=\"column\" data-e-type=\"column\">\n\t\t\t<div class=\"elementor-widget-wrap elementor-element-populated\">\n\t\t\t\t\t\t<div class=\"elementor-element elementor-element-6b5e06d elementor-widget elementor-widget-image\" data-id=\"6b5e06d\" data-element_type=\"widget\" data-e-type=\"widget\" data-widget_type=\"image.default\">\n\t\t\t\t<div class=\"elementor-widget-container\">\n\t\t\t\t\t\t\t\t\t\t\t\t<figure class=\"wp-caption\">\n\t\t\t\t\t\t\t\t\t\t\t<a href=\"http:\/\/artimet.com.tr\/wp-content\/uploads\/2022\/06\/turkakasil.jpg\" data-elementor-open-lightbox=\"yes\" data-elementor-lightbox-title=\"turkakasil\" data-e-action-hash=\"#elementor-action%3Aaction%3Dlightbox%26settings%3DeyJpZCI6MjAwLCJ1cmwiOiJodHRwczpcL1wvYXJ0aW1ldC5jb20udHJcL3dwLWNvbnRlbnRcL3VwbG9hZHNcLzIwMjJcLzA2XC90dXJrYWthc2lsLmpwZyJ9\">\n\t\t\t\t\t\t\t<img decoding=\"async\" src=\"https:\/\/artimet.com.tr\/wp-content\/uploads\/elementor\/thumbs\/turkakasil-pvt7x1nwmh7h5o78kybqrvtqadc8b8hu6by2b4n5cg.jpg\" title=\"turkakasil\" alt=\"turkakasil\" loading=\"lazy\" \/>\t\t\t\t\t\t\t\t<\/a>\n\t\t\t\t\t\t\t\t\t\t\t<figcaption class=\"widget-image-caption wp-caption-text\">T\u00dcRKAK AKRED\u0130TASYON SERT\u0130F\u0130KASI<\/figcaption>\n\t\t\t\t\t\t\t\t\t\t<\/figure>\n\t\t\t\t\t\t\t\t\t<\/div>\n\t\t\t\t<\/div>\n\t\t\t\t\t<\/div>\n\t\t<\/div>\n\t\t\t\t\t<\/div>\n\t\t<\/section>\n\t\t\t\t<section class=\"elementor-section elementor-top-section elementor-element elementor-element-748b74a elementor-section-boxed elementor-section-height-default elementor-section-height-default\" data-id=\"748b74a\" data-element_type=\"section\" data-e-type=\"section\" data-settings=\"{&quot;jet_parallax_layout_list&quot;:[]}\">\n\t\t\t\t\t\t<div class=\"elementor-container elementor-column-gap-default\">\n\t\t\t\t\t<div class=\"elementor-column elementor-col-33 elementor-top-column elementor-element elementor-element-232b023\" data-id=\"232b023\" data-element_type=\"column\" data-e-type=\"column\">\n\t\t\t<div class=\"elementor-widget-wrap elementor-element-populated\">\n\t\t\t\t\t\t<div class=\"elementor-element elementor-element-057258a elementor-widget elementor-widget-image\" data-id=\"057258a\" data-element_type=\"widget\" data-e-type=\"widget\" data-widget_type=\"image.default\">\n\t\t\t\t<div class=\"elementor-widget-container\">\n\t\t\t\t\t\t\t\t\t\t\t\t<figure class=\"wp-caption\">\n\t\t\t\t\t\t\t\t\t\t\t<a href=\"http:\/\/artimet.com.tr\/wp-content\/uploads\/2022\/06\/deniztic.jpg\" data-elementor-open-lightbox=\"yes\" data-elementor-lightbox-title=\"deniztic\" data-e-action-hash=\"#elementor-action%3Aaction%3Dlightbox%26settings%3DeyJpZCI6MjAxLCJ1cmwiOiJodHRwczpcL1wvYXJ0aW1ldC5jb20udHJcL3dwLWNvbnRlbnRcL3VwbG9hZHNcLzIwMjJcLzA2XC9kZW5penRpYy5qcGcifQ%3D%3D\">\n\t\t\t\t\t\t\t<img decoding=\"async\" src=\"https:\/\/artimet.com.tr\/wp-content\/uploads\/elementor\/thumbs\/deniztic-pvt7x0q2fn66u28lqfx47e29ozgv3je3u7aktuojio.jpg\" title=\"deniztic\" alt=\"deniztic\" loading=\"lazy\" \/>\t\t\t\t\t\t\t\t<\/a>\n\t\t\t\t\t\t\t\t\t\t\t<figcaption class=\"widget-image-caption wp-caption-text\">DEN\u0130Z T\u0130CARET\u0130 G\u00d6ZET\u0130M H\u0130ZMETLER\u0130 \u0130\u015eLETME YETK\u0130 BELGES\u0130<\/figcaption>\n\t\t\t\t\t\t\t\t\t\t<\/figure>\n\t\t\t\t\t\t\t\t\t<\/div>\n\t\t\t\t<\/div>\n\t\t\t\t\t<\/div>\n\t\t<\/div>\n\t\t\t\t<div class=\"elementor-column elementor-col-33 elementor-top-column elementor-element elementor-element-c5d0b1c\" data-id=\"c5d0b1c\" data-element_type=\"column\" data-e-type=\"column\">\n\t\t\t<div class=\"elementor-widget-wrap elementor-element-populated\">\n\t\t\t\t\t\t<div class=\"elementor-element elementor-element-c245a20 elementor-widget elementor-widget-image\" data-id=\"c245a20\" data-element_type=\"widget\" data-e-type=\"widget\" data-widget_type=\"image.default\">\n\t\t\t\t<div class=\"elementor-widget-container\">\n\t\t\t\t\t\t\t\t\t\t\t\t<figure class=\"wp-caption\">\n\t\t\t\t\t\t\t\t\t\t\t<a href=\"http:\/\/artimet.com.tr\/wp-content\/uploads\/2022\/06\/taek.jpg\" data-elementor-open-lightbox=\"yes\" data-elementor-lightbox-title=\"taek\" data-e-action-hash=\"#elementor-action%3Aaction%3Dlightbox%26settings%3DeyJpZCI6MjAyLCJ1cmwiOiJodHRwczpcL1wvYXJ0aW1ldC5jb20udHJcL3dwLWNvbnRlbnRcL3VwbG9hZHNcLzIwMjJcLzA2XC90YWVrLmpwZyJ9\">\n\t\t\t\t\t\t\t<img decoding=\"async\" src=\"https:\/\/artimet.com.tr\/wp-content\/uploads\/elementor\/thumbs\/taek-pvt7wzs88t4wig9yvxihmwat3llhvuadi2n3ckpxow.jpg\" title=\"taek\" alt=\"taek\" loading=\"lazy\" \/>\t\t\t\t\t\t\t\t<\/a>\n\t\t\t\t\t\t\t\t\t\t\t<figcaption class=\"widget-image-caption wp-caption-text\">TAEK RADYASYON \u00d6LC\u00dcM\u00dc YAPAB\u0130LME UYGUNLUK BELGES\u0130<\/figcaption>\n\t\t\t\t\t\t\t\t\t\t<\/figure>\n\t\t\t\t\t\t\t\t\t<\/div>\n\t\t\t\t<\/div>\n\t\t\t\t\t<\/div>\n\t\t<\/div>\n\t\t\t\t<div class=\"elementor-column elementor-col-33 elementor-top-column elementor-element elementor-element-9d91f93\" data-id=\"9d91f93\" data-element_type=\"column\" data-e-type=\"column\">\n\t\t\t<div class=\"elementor-widget-wrap elementor-element-populated\">\n\t\t\t\t\t\t<div class=\"elementor-element elementor-element-242ab6f elementor-widget elementor-widget-image\" data-id=\"242ab6f\" data-element_type=\"widget\" data-e-type=\"widget\" data-widget_type=\"image.default\">\n\t\t\t\t<div class=\"elementor-widget-container\">\n\t\t\t\t\t\t\t\t\t\t\t\t<figure class=\"wp-caption\">\n\t\t\t\t\t\t\t\t\t\t\t<a href=\"http:\/\/artimet.com.tr\/wp-content\/uploads\/2022\/06\/yetkibelgesi.jpg\" data-elementor-open-lightbox=\"yes\" data-elementor-lightbox-title=\"yetkibelgesi\" data-e-action-hash=\"#elementor-action%3Aaction%3Dlightbox%26settings%3DeyJpZCI6MjAzLCJ1cmwiOiJodHRwczpcL1wvYXJ0aW1ldC5jb20udHJcL3dwLWNvbnRlbnRcL3VwbG9hZHNcLzIwMjJcLzA2XC95ZXRraWJlbGdlc2kuanBnIn0%3D\">\n\t\t\t\t\t\t\t<img decoding=\"async\" src=\"https:\/\/artimet.com.tr\/wp-content\/uploads\/elementor\/thumbs\/yetkibelgesi-pvt7wzs88t4wig9yvxihmwat3llhvuadi2n3ckpxow.jpg\" title=\"yetkibelgesi\" alt=\"yetkibelgesi\" loading=\"lazy\" \/>\t\t\t\t\t\t\t\t<\/a>\n\t\t\t\t\t\t\t\t\t\t\t<figcaption class=\"widget-image-caption wp-caption-text\">TEHL\u0130KEL\u0130 Y\u00dcK DEN\u0130Z G\u00d6ZET\u0130M YETK\u0130 BELGES\u0130<\/figcaption>\n\t\t\t\t\t\t\t\t\t\t<\/figure>\n\t\t\t\t\t\t\t\t\t<\/div>\n\t\t\t\t<\/div>\n\t\t\t\t\t<\/div>\n\t\t<\/div>\n\t\t\t\t\t<\/div>\n\t\t<\/section>\n\t\t\t\t<\/div>\n\t\t","protected":false},"excerpt":{"rendered":"<p>\u0648\u062b\u0627\u0626\u0642 \u0627\u0644\u062a\u0641\u0648\u064a\u0636 ARTIMET M\u00dcHEND\u0130SL\u0130K ISO 9001KAL\u0130TE BELGES\u0130 ARTIMET U.ARASI G\u00d6ZET\u0130M \u015e\u0130RKET\u0130 ISO 9001KAL\u0130TE BELGES\u0130 ULUSLARARASI G\u00d6ZET\u0130M \u015e\u0130RKET\u0130 BELGES\u0130 DEN\u0130Z T\u0130CARET ODASI MARKA TESC\u0130L BELGES\u0130 T\u00dcRKAK AKRED\u0130TASYON SERT\u0130F\u0130KASI DEN\u0130Z T\u0130CARET\u0130 G\u00d6ZET\u0130M H\u0130ZMETLER\u0130 \u0130\u015eLETME YETK\u0130 BELGES\u0130 TAEK RADYASYON \u00d6LC\u00dcM\u00dc YAPAB\u0130LME UYGUNLUK BELGES\u0130 TEHL\u0130KEL\u0130 Y\u00dcK DEN\u0130Z G\u00d6ZET\u0130M YETK\u0130 BELGES\u0130<\/p>\n","protected":false},"author":1,"featured_media":0,"parent":0,"menu_order":0,"comment_status":"closed","ping_status":"closed","template":"full-width.php","meta":{"_acf_changed":false,"footnotes":""},"class_list":["post-2207","page","type-page","status-publish","hentry"],"acf":[],"_links":{"self":[{"href":"https:\/\/artimet.com.tr\/ar\/wp-json\/wp\/v2\/pages\/2207","targetHints":{"allow":["GET"]}}],"collection":[{"href":"https:\/\/artimet.com.tr\/ar\/wp-json\/wp\/v2\/pages"}],"about":[{"href":"https:\/\/artimet.com.tr\/ar\/wp-json\/wp\/v2\/types\/page"}],"author":[{"embeddable":true,"href":"https:\/\/artimet.com.tr\/ar\/wp-json\/wp\/v2\/users\/1"}],"replies":[{"embeddable":true,"href":"https:\/\/artimet.com.tr\/ar\/wp-json\/wp\/v2\/comments?post=2207"}],"version-history":[{"count":0,"href":"https:\/\/artimet.com.tr\/ar\/wp-json\/wp\/v2\/pages\/2207\/revisions"}],"wp:attachment":[{"href":"https:\/\/artimet.com.tr\/ar\/wp-json\/wp\/v2\/media?parent=2207"}],"curies":[{"name":"wp","href":"https:\/\/api.w.org\/{rel}","templated":true}]}}